{"id":785,"date":"2016-10-02T13:37:57","date_gmt":"2016-10-02T11:37:57","guid":{"rendered":"http:\/\/ligeka.de\/?page_id=785"},"modified":"2018-09-23T08:53:16","modified_gmt":"2018-09-23T06:53:16","slug":"1999-kohle-moos-und-maeuse","status":"publish","type":"page","link":"https:\/\/ligeka.de\/?page_id=785","title":{"rendered":"1999 &#8222;Kohle, Moos und M\u00e4use&#8220;"},"content":{"rendered":"<h5>Inhalt:<\/h5>\n<p>Albert und Otto haben eine &#8222;schwere Nacht&#8220; hinter sich, denn sie wollten in einem n\u00e4chtlich durchgef\u00fchrten &#8222;Wettpfl\u00fcgen&#8220; die St\u00e4rke ihrer Traktoren messen. Am anderen Morgen plagt Albert nicht nur sein schwerer Kopf, sondern auch sein Sohn Michel. Dessen Einf\u00e4ltigkeit scheint wieder einmal keine Grenzen zu kennen. So beschlie\u00dft Albert mit seiner Frau Magda, eine bereits seit l\u00e4ngerem geplante &#8222;Heiltherapie&#8220; f\u00fcr Michel in die Wege zu leiten. Der verschlagene Viehh\u00e4ndler Erich soll Michel der dubiosen Lolita zuf\u00fchren, die aus dem Jungen einen &#8222;richtigen Mann&#8220; machen soll. Gleichzeitig bittet Albert den Viehh\u00e4ndler, den kranken Hofhund mit dem Schu\u00dfapparat von seinen Qualen zu erl\u00f6sen. Die schwerh\u00f6rige Oma Maria und die nicht gerade mit gro\u00dfer Intelligenz gesegnete Magd Leni verstehen dies jedoch falsch und vermuten, Michel soll &#8222;um die Ecke&#8220; gebracht werden. Als der Viehh\u00e4ndler auftaucht, Michel gerufen wird, kurze Zeit sp\u00e4ter ein Schu\u00df f\u00e4llt und der Junge verschwunden ist, f\u00fchlen sich die beiden Frauen in ihrer Vermutung best\u00e4tigt. Leni h\u00e4lt es f\u00fcr ihre Pflicht, den \u00fcbereifrigen Dorfpolizisten Heinz zu informieren, der sofort die Ermittlungen aufnimmt. Albert und Magda werden festgenommen. Als kurz darauf Lotterieinspektor Richard Reichmacher auftaucht, um dem &#8222;Gl\u00fcckspilz&#8220; Michel seinen Hauptgewinn aus der Lotterie \u00fcber eine Million Mark in Form eines Schecks zu \u00fcberbringen, wittern die Nachbarn Otto und Rosa ihre Chance, zu Geld zu kommen. Kurzerhand wird ihre Magd Leni als Michel verkleidet, um den Geldgewinn in Empfang zu nehmen. Der Lotterieinspektor \u00fcbergibt unter Einflu\u00df von Alkohol den Scheck leichtfertig an Leni. Im H\u00fchnerstall verliert Leni den Scheck jedoch und die H\u00fchner fressen das wertvolle Papier auf. Das Wehklagen ist gro\u00df, den nicht nur der Scheck fehlt, sondern urpl\u00f6tzlich ist auch der Lotterieinspektor verschwunden und somit sind alle Aussichten auf den erhofften Geldsegen zunichte gemacht. Auch Michels Eltern erfahren zuf\u00e4llig von dem Millionengewinn ihres Sohnes. Ebenso Viehh\u00e4ndler Erich und Lolita, die Michel jedoch in der Stadt verloren hat. So beginnt eine wilde Suche nach dem verschollenen Million\u00e4r, wobei jeder den anderen beschuldigt, die Million und den verlorenen Sohn mitgenommen zu haben. F\u00fcr Verwirrung sorgt auch noch eine Kiste mit Schmuck und Silberbesteck, die beim n\u00e4chtlichen Wettpfl\u00fcgen zutage gef\u00f6rdert wurde. Das Chaos ist komplett, als der tot geglaubte Michel pl\u00f6tzlich wieder auftaucht &#8211; in Begleitung Lolitas, die den armen Jungen um seine Million bringen will. Doch als der Millionen-Scheck pl\u00f6tzlich wieder auftaucht, an seinen rechtm\u00e4\u00dfigen Besitzer \u00fcbergeben werden kann und der Eigent\u00fcmer der gefundenen &#8222;Schatztruhe&#8220; feststeht, renkt sich alles wieder ein<\/p>\n<p>&nbsp;<\/p>\n","protected":false},"excerpt":{"rendered":"<p>Inhalt: Albert und Otto haben eine &#8222;schwere Nacht&#8220; hinter sich, denn sie wollten in einem n\u00e4chtlich durchgef\u00fchrten &#8222;Wettpfl\u00fcgen&#8220; die St\u00e4rke ihrer Traktoren messen. Am anderen Morgen plagt Albert nicht nur &hellip; <a href=\"https:\/\/ligeka.de\/?page_id=785\" class=\"more-link\"><span class=\"screen-reader-text\">1999 &#8222;Kohle, Moos und M\u00e4use&#8220;<\/span> weiterlesen <span class=\"meta-nav\">&rarr;<\/span><\/a><\/p>\n","protected":false},"author":2,"featured_media":0,"parent":766,"menu_order":20,"comment_status":"closed","ping_status":"closed","template":"","meta":{"footnotes":""},"class_list":["post-785","page","type-page","status-publish","hentry"],"_links":{"self":[{"href":"https:\/\/ligeka.de\/index.php?rest_route=\/wp\/v2\/pages\/785","targetHints":{"allow":["GET"]}}],"collection":[{"href":"https:\/\/ligeka.de\/index.php?rest_route=\/wp\/v2\/pages"}],"about":[{"href":"https:\/\/ligeka.de\/index.php?rest_route=\/wp\/v2\/types\/page"}],"author":[{"embeddable":true,"href":"https:\/\/ligeka.de\/index.php?rest_route=\/wp\/v2\/users\/2"}],"replies":[{"embeddable":true,"href":"https:\/\/ligeka.de\/index.php?rest_route=%2Fwp%2Fv2%2Fcomments&post=785"}],"version-history":[{"count":1,"href":"https:\/\/ligeka.de\/index.php?rest_route=\/wp\/v2\/pages\/785\/revisions"}],"predecessor-version":[{"id":786,"href":"https:\/\/ligeka.de\/index.php?rest_route=\/wp\/v2\/pages\/785\/revisions\/786"}],"up":[{"embeddable":true,"href":"https:\/\/ligeka.de\/index.php?rest_route=\/wp\/v2\/pages\/766"}],"wp:attachment":[{"href":"https:\/\/ligeka.de\/index.php?rest_route=%2Fwp%2Fv2%2Fmedia&parent=785"}],"curies":[{"name":"wp","href":"https:\/\/api.w.org\/{rel}","templated":true}]}}