{"id":782,"date":"2016-10-02T13:31:59","date_gmt":"2016-10-02T11:31:59","guid":{"rendered":"http:\/\/ligeka.de\/?page_id=782"},"modified":"2018-09-23T08:52:27","modified_gmt":"2018-09-23T06:52:27","slug":"1996-der-wahlkrampf","status":"publish","type":"page","link":"https:\/\/ligeka.de\/?page_id=782","title":{"rendered":"1996 &#8222;Der Wahlkrampf&#8220;"},"content":{"rendered":"<h5>Inhalt:<\/h5>\n<p>Wilhelm Haberkorns Wiederwahl als B\u00fcrgermeister steht an. Er ist jedoch amtsm\u00fcde. Seine Frau organisiert f\u00fcr ihn den Wahlkampf, weil sie keineswegs als \u201eFrau B\u00fcrgermeister\u201c zur\u00fccktreten will. Haberkorns Gegenkandidat von der Opposition versucht seinerseits mit allen Mitteln B\u00fcrgermeister zu werden. Dabei schreckt er vor nichts zur\u00fcck. Er verb\u00fcndet sich mit dem reichen Bauunternehmer M\u00fchlbauer, der mit seinem Geld manch schmutzigen Trick finanziert. Schlie\u00dflich entdecken sie einen Doppelg\u00e4nger des B\u00fcrgermeisters, einen Pennbruder mit verbl\u00fcffender \u00c4hnlichkeit. Jetzt nimmt eine \u00fcble Geschichte ihren Lauf. Der echte B\u00fcrgermeister wird entf\u00fchrt und von T\u00f6lpels Tochter im Keller gefangen gehalten. Der Doppelg\u00e4nger wird als B\u00fcrgermeister ins Rathaus gesetzt. Er hat die Aufgabe, den echten B\u00fcrgermeister bei den W\u00e4hlern unm\u00f6glich zu machen, so da\u00df dieser keine Chancen bei der B\u00fcrgermeisterwahl hat. M\u00fchlbauer finanziert das Unternehmen und trifft bereits Absprachen mit T\u00f6lpel f\u00fcr die Zeit nach der B\u00fcrgermeisterwahl. Es kommt jedoch alles anders. Karin Haberkorn, des B\u00fcrgermeisters T\u00f6chterlein und Thomas T\u00f6lpel, Sohn des Gegenkandidaten, lieben sich. Thomas deckt dann auch die Machenschaften auf. Zum Schluss wird keiner der beiden Kandidaten B\u00fcrgermeister. Haberkorn hat sein Ziel erreicht, er ist \u201ePension\u00e4r\u201c. T\u00f6lpel hat durch seine Machenschaften jeden Anspruch auf das Amt verwirkt. In dieser Situation wird Thomas T\u00f6lpel B\u00fcrgermeister. Frau Haberkorn ist vers\u00f6hnt, denn nun kann ihre Tochter \u201erepr\u00e4sentieren\u201c, denn die beiden heiraten. F\u00fcr viel Aufregung und Lacher sorgen die aufgeregte Frau Mager, die schwerh\u00f6rige Sekret\u00e4rin im Rathaus und der trottelige Amtsdiener.<\/p>\n","protected":false},"excerpt":{"rendered":"<p>Inhalt: Wilhelm Haberkorns Wiederwahl als B\u00fcrgermeister steht an. Er ist jedoch amtsm\u00fcde. Seine Frau organisiert f\u00fcr ihn den Wahlkampf, weil sie keineswegs als \u201eFrau B\u00fcrgermeister\u201c zur\u00fccktreten will. Haberkorns Gegenkandidat von &hellip; <a href=\"https:\/\/ligeka.de\/?page_id=782\" class=\"more-link\"><span class=\"screen-reader-text\">1996 &#8222;Der Wahlkrampf&#8220;<\/span> weiterlesen <span class=\"meta-nav\">&rarr;<\/span><\/a><\/p>\n","protected":false},"author":2,"featured_media":0,"parent":766,"menu_order":23,"comment_status":"closed","ping_status":"closed","template":"","meta":{"footnotes":""},"class_list":["post-782","page","type-page","status-publish","hentry"],"_links":{"self":[{"href":"https:\/\/ligeka.de\/index.php?rest_route=\/wp\/v2\/pages\/782","targetHints":{"allow":["GET"]}}],"collection":[{"href":"https:\/\/ligeka.de\/index.php?rest_route=\/wp\/v2\/pages"}],"about":[{"href":"https:\/\/ligeka.de\/index.php?rest_route=\/wp\/v2\/types\/page"}],"author":[{"embeddable":true,"href":"https:\/\/ligeka.de\/index.php?rest_route=\/wp\/v2\/users\/2"}],"replies":[{"embeddable":true,"href":"https:\/\/ligeka.de\/index.php?rest_route=%2Fwp%2Fv2%2Fcomments&post=782"}],"version-history":[{"count":1,"href":"https:\/\/ligeka.de\/index.php?rest_route=\/wp\/v2\/pages\/782\/revisions"}],"predecessor-version":[{"id":783,"href":"https:\/\/ligeka.de\/index.php?rest_route=\/wp\/v2\/pages\/782\/revisions\/783"}],"up":[{"embeddable":true,"href":"https:\/\/ligeka.de\/index.php?rest_route=\/wp\/v2\/pages\/766"}],"wp:attachment":[{"href":"https:\/\/ligeka.de\/index.php?rest_route=%2Fwp%2Fv2%2Fmedia&parent=782"}],"curies":[{"name":"wp","href":"https:\/\/api.w.org\/{rel}","templated":true}]}}