{"id":777,"date":"2016-10-02T13:29:06","date_gmt":"2016-10-02T11:29:06","guid":{"rendered":"http:\/\/ligeka.de\/?page_id=777"},"modified":"2018-09-23T08:53:04","modified_gmt":"2018-09-23T06:53:04","slug":"1998-frauenpower","status":"publish","type":"page","link":"https:\/\/ligeka.de\/?page_id=777","title":{"rendered":"1998 &#8222;Frauenpower&#8220;"},"content":{"rendered":"<h5>Inhalt:<\/h5>\n<p>Eigentlich sollte es in der Gemeinde wieder einen Kommunalwahlkampf geben, wie man ihn kennt. Die Ortsgewaltigen kandidieren um das Amt des Gemeinderats, werden selbstverst\u00e4ndlich gew\u00e4hlt und treiben in der n\u00e4chsten Amtsperiode weiterhin ihr Unwesen. Und B\u00fcrgermeister Heinz Gscheidle w\u00e4re sicher wieder zufrieden, wenn er am Ratstisch seine altbekannten Kumpanen um sich h\u00e4tte. Aber alles kommt anders! Bei dieser Wahl hat sich n\u00e4mlich erstmals eine Frauenliste gebildet mit dem Ziel, die M\u00e4nnerherrschaft im Gemeinderat zu brechen. Mit ihrem nicht allt\u00e4glichen Wahlprogramm, das gravierende Einschnitte in die &#8222;heile M\u00e4nnerwelt&#8220; vorsieht, findet die Frauenliste unter F\u00fchrung der resoluten Kunigunde Schlotterbeck gro\u00dfe Zustimmung bei den weiblichen W\u00e4hlern. Auch in den Meinungsumfragen schneiden die Damen sehr gut ab und die H\u00e4lfte der Gemeinderatssitze scheint der Frauenliste sicher zu sein. Dies ist Grund genug f\u00fcr B\u00fcrgermeister Gscheidle, den Vormarsch der resoluten &#8222;Emanzen&#8220; im Wahlkampf zu bremsen. Dazu ist ihm jedes Mittel recht. Kurzerhand beschlie\u00dft er, seinen neuen Gemeindeinspektor Hannes Klug in die Frauenriege einzuschleusen. Dieser soll &#8211; als Frau verkleidet &#8211; ihn \u00fcber die Pl\u00e4ne der gegnerischen Liste informieren. Kurz vor der Wahl will der B\u00fcrgermeister dann aufgrund der so gewonnenen Informationen zum vernichtenden Gegenschlag ausholen, um den Frauen s\u00e4mtliche Chancen zu verderben. Selbstverst\u00e4ndlich w\u00e4re auch Hannes Klug als Mitwisser danach \u00fcberfl\u00fcssig und k\u00f6nnte sich nach einer anderen Stelle umsehen. Hannes spielt jedoch seine Rolle als eine &#8222;m\u00e4nnergesch\u00e4digte Emanze&#8220; so perfekt, da\u00df ihn die Frauenliste zur &#8222;Spitzenkandidatin&#8220; macht. Schlie\u00dflich waren es seine Vorschl\u00e4ge, die den Wahlkampf der Damen zur &#8222;FRAUENPOWER&#8220; werden lie\u00dfen. Auch die Presse freut sich an dem neuen und f\u00fcr die M\u00e4nner g\u00e4nzlich unverst\u00e4ndlichen Wahlprogramm der Damen und f\u00fcllt ihre Zeitungen damit! Das umstrittene Nachtlokal &#8222;Rosaroter Panther&#8220; und Bardame Marylin tragen ihren Teil dazu bei, da\u00df der Wahlkampf interessant bleibt. Die M\u00e4nner sind dort Stammg\u00e4ste, sehr zum Leidwesen der Damen, die derartige Lokale verabscheuen und aus Prinzip nicht betreten. Hannes Klug schafft es jedoch mit List, da\u00df die Damen der Frauenliste in entsprechender Verkleidung &#8211; um inkognito zu bleiben &#8211; den &#8222;Panther&#8220; betreten. Wie der Zufall will, sind auch B\u00fcrgermeister Gscheidle und seine Gemeinder\u00e4te dort. Die Herren erkennen jedoch ihre politischen Gegnerinnen nicht und &#8222;baggern&#8220; sie an. Die Folgen sind fatal! Peinliche Fotos dieser ungew\u00f6hnlichen n\u00e4chtlichen Begegnung und weitere Druckmittel nutzt Hannes geschickt, um beide Parteien in die Knie zu zwingen. Schlie\u00dflich schwindet die Lust sowohl bei den Damen wie auch bei den Herren, in den Gemeinderat einziehen zu wollen, und Hannes kann getrost seinen &#8222;Wunsch-Gemeinderat&#8220;, sehr zum Leidwesen des B\u00fcrgermeisters, zusammenstellen.<\/p>\n","protected":false},"excerpt":{"rendered":"<p>Inhalt: Eigentlich sollte es in der Gemeinde wieder einen Kommunalwahlkampf geben, wie man ihn kennt. Die Ortsgewaltigen kandidieren um das Amt des Gemeinderats, werden selbstverst\u00e4ndlich gew\u00e4hlt und treiben in der &hellip; <a href=\"https:\/\/ligeka.de\/?page_id=777\" class=\"more-link\"><span class=\"screen-reader-text\">1998 &#8222;Frauenpower&#8220;<\/span> weiterlesen <span class=\"meta-nav\">&rarr;<\/span><\/a><\/p>\n","protected":false},"author":2,"featured_media":0,"parent":766,"menu_order":21,"comment_status":"closed","ping_status":"closed","template":"","meta":{"footnotes":""},"class_list":["post-777","page","type-page","status-publish","hentry"],"_links":{"self":[{"href":"https:\/\/ligeka.de\/index.php?rest_route=\/wp\/v2\/pages\/777","targetHints":{"allow":["GET"]}}],"collection":[{"href":"https:\/\/ligeka.de\/index.php?rest_route=\/wp\/v2\/pages"}],"about":[{"href":"https:\/\/ligeka.de\/index.php?rest_route=\/wp\/v2\/types\/page"}],"author":[{"embeddable":true,"href":"https:\/\/ligeka.de\/index.php?rest_route=\/wp\/v2\/users\/2"}],"replies":[{"embeddable":true,"href":"https:\/\/ligeka.de\/index.php?rest_route=%2Fwp%2Fv2%2Fcomments&post=777"}],"version-history":[{"count":1,"href":"https:\/\/ligeka.de\/index.php?rest_route=\/wp\/v2\/pages\/777\/revisions"}],"predecessor-version":[{"id":778,"href":"https:\/\/ligeka.de\/index.php?rest_route=\/wp\/v2\/pages\/777\/revisions\/778"}],"up":[{"embeddable":true,"href":"https:\/\/ligeka.de\/index.php?rest_route=\/wp\/v2\/pages\/766"}],"wp:attachment":[{"href":"https:\/\/ligeka.de\/index.php?rest_route=%2Fwp%2Fv2%2Fmedia&parent=777"}],"curies":[{"name":"wp","href":"https:\/\/api.w.org\/{rel}","templated":true}]}}