{"id":774,"date":"2016-10-02T13:27:56","date_gmt":"2016-10-02T11:27:56","guid":{"rendered":"http:\/\/ligeka.de\/?page_id=774"},"modified":"2018-09-23T09:09:06","modified_gmt":"2018-09-23T07:09:06","slug":"774-2","status":"publish","type":"page","link":"https:\/\/ligeka.de\/?page_id=774","title":{"rendered":"2000 &#8222;Ein falscher Heiliger oder: \u201aPalmus der Erleuchtete\u2018 &#8222;"},"content":{"rendered":"<h5><span style=\"color: #2f2f2f; font-family: Times New Roman, serif; font-size: large;\"><b>Inhalt:<\/b><\/span><\/h5>\n<p>In Marienbrunn, dem idyllischen Wallfahrtsort, herrscht gro\u00dfe Aufregung. Vor kurzem hat sich hier eine Sekte niedergelassen und unaufhaltsam w\u00e4chst die Zahl ihrer Anh\u00e4nger. Auch die halbw\u00fcchsigen Kinder des Gemeinderats Pankraz Schwammerl sind bereits beseelt vom religi\u00f6sen Eifer. Da entpuppt sich \u00fcberraschend ihr eben noch ganz widerborstiger Vater selber als frischgebackenes Mitglied der Sekte: er schw\u00f6rt allen leiblichen Gen\u00fcssen ab, wirft eine Kutte \u00fcber und f\u00e4ngt an zu predigen. Dar\u00fcber ger\u00e4t nun nicht nur sein Eheweib, sondern auch die gesamte Dorff\u00fchrung vollends in hellen Aufruhr. Sollte Sektenchef Palmus denn wirklich ein Erleuchteter sein oder ist er blo\u00df ein falscher Heiliger? In das turbulente R\u00e4tselraten mischt sich schlie\u00dflich auch der Pfarrer, der ja schon von Berufs wegen mit diesem anscheinend unwiderstehlichen Mann befasst ist. Auch er sucht eine Erkl\u00e4- rung &#8211; und siehe die wunderbare Verwandlung: er taucht selber im Gefolge des gro\u00dfen Meisters auf! Mit diesem nach allen Regeln der Lustspielkunst gezimmerten Schwank warten zwei aktionsreiche, mit Spiel, Gel\u00e4chter und Spannung erf\u00fcllte Stunden auf Sie und Ihre Zuschauer<\/p>\n","protected":false},"excerpt":{"rendered":"<p>Inhalt: In Marienbrunn, dem idyllischen Wallfahrtsort, herrscht gro\u00dfe Aufregung. Vor kurzem hat sich hier eine Sekte niedergelassen und unaufhaltsam w\u00e4chst die Zahl ihrer Anh\u00e4nger. Auch die halbw\u00fcchsigen Kinder des Gemeinderats &hellip; <a href=\"https:\/\/ligeka.de\/?page_id=774\" class=\"more-link\"><span class=\"screen-reader-text\">2000 &#8222;Ein falscher Heiliger oder: \u201aPalmus der Erleuchtete\u2018 &#8222;<\/span> weiterlesen <span class=\"meta-nav\">&rarr;<\/span><\/a><\/p>\n","protected":false},"author":2,"featured_media":0,"parent":766,"menu_order":19,"comment_status":"closed","ping_status":"closed","template":"","meta":{"footnotes":""},"class_list":["post-774","page","type-page","status-publish","hentry"],"_links":{"self":[{"href":"https:\/\/ligeka.de\/index.php?rest_route=\/wp\/v2\/pages\/774","targetHints":{"allow":["GET"]}}],"collection":[{"href":"https:\/\/ligeka.de\/index.php?rest_route=\/wp\/v2\/pages"}],"about":[{"href":"https:\/\/ligeka.de\/index.php?rest_route=\/wp\/v2\/types\/page"}],"author":[{"embeddable":true,"href":"https:\/\/ligeka.de\/index.php?rest_route=\/wp\/v2\/users\/2"}],"replies":[{"embeddable":true,"href":"https:\/\/ligeka.de\/index.php?rest_route=%2Fwp%2Fv2%2Fcomments&post=774"}],"version-history":[{"count":5,"href":"https:\/\/ligeka.de\/index.php?rest_route=\/wp\/v2\/pages\/774\/revisions"}],"predecessor-version":[{"id":1154,"href":"https:\/\/ligeka.de\/index.php?rest_route=\/wp\/v2\/pages\/774\/revisions\/1154"}],"up":[{"embeddable":true,"href":"https:\/\/ligeka.de\/index.php?rest_route=\/wp\/v2\/pages\/766"}],"wp:attachment":[{"href":"https:\/\/ligeka.de\/index.php?rest_route=%2Fwp%2Fv2%2Fmedia&parent=774"}],"curies":[{"name":"wp","href":"https:\/\/api.w.org\/{rel}","templated":true}]}}