{"id":772,"date":"2016-10-02T13:27:06","date_gmt":"2016-10-02T11:27:06","guid":{"rendered":"http:\/\/ligeka.de\/?page_id=772"},"modified":"2018-09-23T09:09:21","modified_gmt":"2018-09-23T07:09:21","slug":"2001-so-viel-krach-in-einer-nacht","status":"publish","type":"page","link":"https:\/\/ligeka.de\/?page_id=772","title":{"rendered":"2001 &#8222;So viel Krach in einer Nacht&#8220;"},"content":{"rendered":"<h5><span style=\"color: #2f2f2f; font-family: Times New Roman, serif; font-size: large;\"><b>Inhalt:<\/b><\/span><\/h5>\n<p>Im Gasthaus &#8222;Zur goldenen Gans&#8220; geht auch an diesem Sonntagmorgen alles seinen gewohnten Gang: Opa Alfons, an den Schaukelstuhl gefesselt, weil er nicht mehr gehen kann, hat mit der Hausmagd Vroni zu k\u00e4mpfen, denn er wird von ihr wieder einmal unsanft gewaschen. Vroni ist zwar eine gute Seele, doch ihre rauhen Umgangsformen machen nicht nur dem Opa sondern auch dem Knecht Martin sehr zu schaffen. Gustl, der Wirt, und seine Freunde Schmotz-Sepp, Mesner Peter und Pius, der Viehh\u00e4ndler, sind, wie so oft, die einzigen und besten G\u00e4ste des Hauses. Jeden Sonntagmorgen treffen sie sich zum Kartenspiel und da bleiben die Kehlen bekanntlich nicht trocken &#8211; sehr zum Leidwesen von Agnes, seiner resoluten Frau. Von ganz anderem Schrot und Korn scheint Herr Joschi zu sein, seit langem mal wieder der einzige \u00dcbernachtungsgast in der &#8222;Goldenen Gans&#8220;. Er behauptet, den Alkohol zu verschm\u00e4hen und predigt einen ges\u00fcnderen Lebenswandel &#8211; von der ausgewogenen Ern\u00e4hrung bis zur Bewegungstherapie. Agnes und ihre Freundinnen, die TurnerfrauenVorsitzende Rosmarie und die Kirchenorganistin Martha, sind sehr angetan von Herrn &#8222;Joschi&#8220;, zumal dieser ein neuartiges Topf- und Pfannenset anbietet, das das Abnehmen leichter machen soll. Prompt unterschreiben die Damen Kaufvertr\u00e4ge f\u00fcr die teuren T\u00f6pfe und bestellen auch gleich noch den passenden Herd dazu, selbstverst\u00e4ndlich ohne das Wissen ihrer M\u00e4nner. Agnes ist von der neuen Lebensweise des Herrn Joschi sogar so begeistert, da\u00df sie ihren Speiseplan auf Vollwert- und Trennkost umstellt und aus der &#8222;Goldenen Gans&#8220; ein Lokal f\u00fcr Gesundheitsbewu\u00dfte machen will. Einzig Gustl, der seit Tagen nichts au\u00dfer M\u00fcsli, Quark, LauchZwiebelgem\u00fcse und Maisauflauf zu essen bekommen hat, tobt, als er erf\u00e4hrt, da\u00df seine Frau auch noch die schlachtreifen Schweine dem Roten Kreuz f\u00fcr die Tombola gespendet hat. Der zwielichtige Joschi bringt die Damen so weit, da\u00df sie ihn zu einer vermeintlichen Gesundheitswoche mit Kneipp- und Bewegungstherapie begleiten. Dies ist Gustl und seinen Spezis gar nicht so unrecht. Sie wollen als &#8222;Strohwitwer&#8220; wieder einmal richtig &#8222;einen drauf machen&#8220; und fahren mit entsprechenden Absichten in die Stadt. Derweil nutzt der schlitzohrige Opa die Gelegenheit, um Vroni mit Martin zu verkuppeln. Da aber beide in der Liebe noch keinerlei Erfahrungen gesammelt haben, erweist sich dieses Unterfangen als \u00e4u\u00dferst schwierig. Schon die erste Nacht der unternehmungslustigen Strohwitwer endet mit einem fatalen Rausch, so da\u00df die T\u00e4nzerin Lilly die M\u00e4nner von der Stadt nach Hause bringen mu\u00df. Auch Opa hat in dieser Nacht mit Lilly sein wahres Vergn\u00fcgen, hilft sie ihm doch &#8222;auf die Beine&#8220;. Zur gleichen Stunde und unerwartet fr\u00fch kehren jedoch die Damen von der geplatzten &#8222;Gesundheitswoche&#8220; zur\u00fcck, was fatale Folgen f\u00fcr alle Beteiligten nach sich zu ziehen scheint, bevor sich dann doch noch alles zum Guten wendet.-<\/p>\n","protected":false},"excerpt":{"rendered":"<p>Inhalt: Im Gasthaus &#8222;Zur goldenen Gans&#8220; geht auch an diesem Sonntagmorgen alles seinen gewohnten Gang: Opa Alfons, an den Schaukelstuhl gefesselt, weil er nicht mehr gehen kann, hat mit der &hellip; <a href=\"https:\/\/ligeka.de\/?page_id=772\" class=\"more-link\"><span class=\"screen-reader-text\">2001 &#8222;So viel Krach in einer Nacht&#8220;<\/span> weiterlesen <span class=\"meta-nav\">&rarr;<\/span><\/a><\/p>\n","protected":false},"author":2,"featured_media":0,"parent":766,"menu_order":18,"comment_status":"closed","ping_status":"closed","template":"","meta":{"footnotes":""},"class_list":["post-772","page","type-page","status-publish","hentry"],"_links":{"self":[{"href":"https:\/\/ligeka.de\/index.php?rest_route=\/wp\/v2\/pages\/772","targetHints":{"allow":["GET"]}}],"collection":[{"href":"https:\/\/ligeka.de\/index.php?rest_route=\/wp\/v2\/pages"}],"about":[{"href":"https:\/\/ligeka.de\/index.php?rest_route=\/wp\/v2\/types\/page"}],"author":[{"embeddable":true,"href":"https:\/\/ligeka.de\/index.php?rest_route=\/wp\/v2\/users\/2"}],"replies":[{"embeddable":true,"href":"https:\/\/ligeka.de\/index.php?rest_route=%2Fwp%2Fv2%2Fcomments&post=772"}],"version-history":[{"count":3,"href":"https:\/\/ligeka.de\/index.php?rest_route=\/wp\/v2\/pages\/772\/revisions"}],"predecessor-version":[{"id":1155,"href":"https:\/\/ligeka.de\/index.php?rest_route=\/wp\/v2\/pages\/772\/revisions\/1155"}],"up":[{"embeddable":true,"href":"https:\/\/ligeka.de\/index.php?rest_route=\/wp\/v2\/pages\/766"}],"wp:attachment":[{"href":"https:\/\/ligeka.de\/index.php?rest_route=%2Fwp%2Fv2%2Fmedia&parent=772"}],"curies":[{"name":"wp","href":"https:\/\/api.w.org\/{rel}","templated":true}]}}