{"id":763,"date":"2016-10-02T12:12:19","date_gmt":"2016-10-02T10:12:19","guid":{"rendered":"http:\/\/ligeka.de\/?page_id=763"},"modified":"2018-09-23T09:10:25","modified_gmt":"2018-09-23T07:10:25","slug":"1988-mit-kuechenbenutzung","status":"publish","type":"page","link":"https:\/\/ligeka.de\/?page_id=763","title":{"rendered":"1988 &#8222;Mit K\u00fcchenbenutzung&#8220;"},"content":{"rendered":"<h5><span style=\"color: #2f2f2f; font-family: Times New Roman, serif; font-size: large;\"><b>Inhalt:<\/b><\/span><\/h5>\n<p>Untermieter sein oder Untermieter haben, ist ganz bestimmt nicht immer eine allzu rosige Angelegenheit, aber was sich in der Wohnung des cholerischen Pferdeschlachters Piening abspielt, als ihm das Wohnungsamt das Ehepaar Senkpiel \u201emit K\u00fcchenbenutzung\u201c einquartiert, \u00fcbersteigt zweifellos selbst die schlimmsten Bef\u00fcrchtungen. \u2013 Der einzige Trost mag sein, dass sich Wohnungsinhaberin und Untermieter in ihren Schikanen und Gegenschikanen wahrlich ebenb\u00fcrtig sind. Und auf was f\u00fcr Ideen diese beiden kommen! Nur gut, dass ihre M\u00e4nner dazwischentreten, wenn es allzu hei\u00df hergeht und wenigstens f\u00fcr ein paar Minuten wieder einen Scheinfrieden herstellen. Dabei ist der Herr Rossschlachter beileibe keine friedliche Natur, denn schlechter Gesch\u00e4ftsgang, Dauerkrieg mit Wohnungsamt und Stra\u00dfenbahnverwaltung sowie st\u00e4ndige Reiberein mit seiner besseren H\u00e4lfte sind seinem ohnehin leicht erhitzbaren Gem\u00fct ganz und gar nicht zutr\u00e4glich.<br \/>\nDas Aufeinanderprallen der verschiedenen Charaktere im beengten Rahmen einer K\u00fcche schafft Szenen von einfach unbeschreiblicher Komik und Turbulenz. Frau Rossschlachter schikaniert ihre Untermieter nach allen Regeln der Kunst bis zu dem Tage, da diese erf\u00e4hrt, dass sie durch die Erbschaft ihres Mannes Besitzerin des Hauses geworden ist, in dem sich die Rossschlachterei befindet. Nunmehr dreht sich das Blatt, und Untermieterin Senkpiel zahlt ihrer Peinigerin alles das doppelt und dreifach heim, was sie in den letzten Wochen erdulden musste. \u2013 Nun erweist sich diese Erbschaft aber als Irrtum, und abermals scheint die Frau Rossschlachter das Heft in die Hand zu bekommen. \u2013 Doch dazu kommt es gl\u00fccklicherweise nicht mehr \u2013 ihre Rache w\u00e4re bestimmt zu furchtbar geworden, und auch an das Publikum muss gedacht werden: wer zwei Stunden ununterbrochen Tr\u00e4nen gelacht hat, muss unbedingt wieder einmal zum Luftholen kommen.<\/p>\n","protected":false},"excerpt":{"rendered":"<p>Inhalt: Untermieter sein oder Untermieter haben, ist ganz bestimmt nicht immer eine allzu rosige Angelegenheit, aber was sich in der Wohnung des cholerischen Pferdeschlachters Piening abspielt, als ihm das Wohnungsamt &hellip; <a href=\"https:\/\/ligeka.de\/?page_id=763\" class=\"more-link\"><span class=\"screen-reader-text\">1988 &#8222;Mit K\u00fcchenbenutzung&#8220;<\/span> weiterlesen <span class=\"meta-nav\">&rarr;<\/span><\/a><\/p>\n","protected":false},"author":2,"featured_media":0,"parent":766,"menu_order":30,"comment_status":"closed","ping_status":"closed","template":"","meta":{"footnotes":""},"class_list":["post-763","page","type-page","status-publish","hentry"],"_links":{"self":[{"href":"https:\/\/ligeka.de\/index.php?rest_route=\/wp\/v2\/pages\/763","targetHints":{"allow":["GET"]}}],"collection":[{"href":"https:\/\/ligeka.de\/index.php?rest_route=\/wp\/v2\/pages"}],"about":[{"href":"https:\/\/ligeka.de\/index.php?rest_route=\/wp\/v2\/types\/page"}],"author":[{"embeddable":true,"href":"https:\/\/ligeka.de\/index.php?rest_route=\/wp\/v2\/users\/2"}],"replies":[{"embeddable":true,"href":"https:\/\/ligeka.de\/index.php?rest_route=%2Fwp%2Fv2%2Fcomments&post=763"}],"version-history":[{"count":3,"href":"https:\/\/ligeka.de\/index.php?rest_route=\/wp\/v2\/pages\/763\/revisions"}],"predecessor-version":[{"id":1157,"href":"https:\/\/ligeka.de\/index.php?rest_route=\/wp\/v2\/pages\/763\/revisions\/1157"}],"up":[{"embeddable":true,"href":"https:\/\/ligeka.de\/index.php?rest_route=\/wp\/v2\/pages\/766"}],"wp:attachment":[{"href":"https:\/\/ligeka.de\/index.php?rest_route=%2Fwp%2Fv2%2Fmedia&parent=763"}],"curies":[{"name":"wp","href":"https:\/\/api.w.org\/{rel}","templated":true}]}}