{"id":747,"date":"2016-10-02T11:59:49","date_gmt":"2016-10-02T09:59:49","guid":{"rendered":"http:\/\/ligeka.de\/?page_id=747"},"modified":"2018-09-23T08:54:10","modified_gmt":"2018-09-23T06:54:10","slug":"2002-der-butler-und-die-elfe","status":"publish","type":"page","link":"https:\/\/ligeka.de\/?page_id=747","title":{"rendered":"2002 &#8222;Der Butler und die Elfe&#8220;"},"content":{"rendered":"<h5>Inhalt:<\/h5>\n<p>Elvira, die Nichte der von Wechtenbrechts, findet bei einem Spaziergang im Wald den Zauberstab einer Elfe. Aber da es sich hier nicht um ein M\u00e4rchen handelt, glaubt ihr das nat\u00fcrlich keiner au\u00dfer dem Butler Johann, der zuf\u00e4llig auch im Raum ist, als die Elfe klingelt, auf der Suche nach ihrem Zauberstab. Und wie es sich f\u00fcr eine Elfe geh\u00f6rt, bedankt sie sich bei Elvira, indem sie jedem der Hausbewohner einen Wunsch erf\u00fcllt. Nur leider passiert ihr der &#8222;kleine&#8220; Lapsus, dass sie Elvira in den Schlaf zaubert, bevor sie\u00a0 dieses Wunsch-Geschenk aufkl\u00e4ren kann. So passiert es, dass im Handumdrehen alle W\u00fcnsche &#8222;verw\u00fcnscht&#8220; sind, weil keiner im Haus ahnt, was die Elfe ihm\/ihr eingebrockt hat. Das sind nicht unbedingt die schlechtesten W\u00fcnsche, die da in Erf\u00fcllung gehen. Frau von Wechtenbrecht will 20 Pfund schlanker sein, ihr Gatte immer betrunken, die Schwiegertochter &#8222;Binchen&#8220; wird von Sohn Alexander zum &#8222;Vamp&#8220; gew\u00fcnscht, und Binchen selbst w\u00fcnscht sich, dass Elvira auch so sch\u00f6n in Zitaten sprechen k\u00f6nne, wie sie selbst, was Elvira daraufhin ohne Unterlass tut; Schiller, Shakespeare und andere alte Meister. Johann w\u00fcnscht daraufhin verzweifelt, sie m\u00f6ge wenigstens mit ihm &#8222;normal&#8220; reden. Elvira lastet das nun beginnende chaotische Verhalten ihrer Mitbewohner instinktiv der Elfe an und w\u00fcnscht diese schleunigst zur Aufhebung der vermaledeiten W\u00fcnsche herbei. Die Elfe kommt und bringt Amor als Unterst\u00fctzung mit. Aber bis alle wieder &#8222;normal&#8220; sind, m\u00fcssen Elvira und Johann erst noch mit einer Psychiaterin, deren zwei W\u00e4rtern und einem Kommissar fertig werden, und Thomas, Sohn von Professor Morgenroth, einem Freund der Familie, der h\u00e4ufig im Hause verkehrt, muss auch eine wichtige Helferrolle \u00fcbernehmen.<\/p>\n<h6><a href=\"https:\/\/goo.gl\/photos\/XG18HXeKx3myNXJr7\" target=\"_blank\" rel=\"noopener\">Bilder<\/a><\/h6>\n","protected":false},"excerpt":{"rendered":"<p>Inhalt: Elvira, die Nichte der von Wechtenbrechts, findet bei einem Spaziergang im Wald den Zauberstab einer Elfe. Aber da es sich hier nicht um ein M\u00e4rchen handelt, glaubt ihr das &hellip; <a href=\"https:\/\/ligeka.de\/?page_id=747\" class=\"more-link\"><span class=\"screen-reader-text\">2002 &#8222;Der Butler und die Elfe&#8220;<\/span> weiterlesen <span class=\"meta-nav\">&rarr;<\/span><\/a><\/p>\n","protected":false},"author":2,"featured_media":0,"parent":766,"menu_order":17,"comment_status":"closed","ping_status":"closed","template":"","meta":{"footnotes":""},"class_list":["post-747","page","type-page","status-publish","hentry"],"_links":{"self":[{"href":"https:\/\/ligeka.de\/index.php?rest_route=\/wp\/v2\/pages\/747","targetHints":{"allow":["GET"]}}],"collection":[{"href":"https:\/\/ligeka.de\/index.php?rest_route=\/wp\/v2\/pages"}],"about":[{"href":"https:\/\/ligeka.de\/index.php?rest_route=\/wp\/v2\/types\/page"}],"author":[{"embeddable":true,"href":"https:\/\/ligeka.de\/index.php?rest_route=\/wp\/v2\/users\/2"}],"replies":[{"embeddable":true,"href":"https:\/\/ligeka.de\/index.php?rest_route=%2Fwp%2Fv2%2Fcomments&post=747"}],"version-history":[{"count":3,"href":"https:\/\/ligeka.de\/index.php?rest_route=\/wp\/v2\/pages\/747\/revisions"}],"predecessor-version":[{"id":1126,"href":"https:\/\/ligeka.de\/index.php?rest_route=\/wp\/v2\/pages\/747\/revisions\/1126"}],"up":[{"embeddable":true,"href":"https:\/\/ligeka.de\/index.php?rest_route=\/wp\/v2\/pages\/766"}],"wp:attachment":[{"href":"https:\/\/ligeka.de\/index.php?rest_route=%2Fwp%2Fv2%2Fmedia&parent=747"}],"curies":[{"name":"wp","href":"https:\/\/api.w.org\/{rel}","templated":true}]}}