{"id":740,"date":"2016-10-02T11:54:57","date_gmt":"2016-10-02T09:54:57","guid":{"rendered":"http:\/\/ligeka.de\/?page_id=740"},"modified":"2016-10-08T09:12:41","modified_gmt":"2016-10-08T07:12:41","slug":"2005-dem-himmel-sei-dank","status":"publish","type":"page","link":"https:\/\/ligeka.de\/?page_id=740","title":{"rendered":"2005 &#8222;Dem Himmel sei Dank&#8220;"},"content":{"rendered":"<h5>Inhalt:<\/h5>\n<p>Mit nicht ganz allt\u00e4glichen Methoden versucht Pfarrer Alfons Teufel in seiner Pfarrgemeinde, das dringend ben\u00f6tigte Geld f\u00fcr die Renovierung der sanierungsbed\u00fcrftigen Kirche aufzutreiben. Dabei schreckt er sogar vor n\u00e4chtlichen Kartenspielen im Pfarrhaus oder dem Verkauf von schwarz gebranntem Schnaps nicht zur\u00fcck. Sein arbeitsscheuer, aber daf\u00fcr um so geselligerer Messner Johannes H\u00f6ll wird zwar von seiner resoluten Frau Emma auf Trab gehalten, ist dem Pfarrer aber zumindest beim Kartenspiel ein eifriger Helfer. Pfarrhaush\u00e4lterin Hermine, die ihrem&#8217;Chef&#8216; treu und ergeben dient, will dagegen den Pfarrer immer auf den&#8217;richtigen&#8216; Weg bringen. Die Pfarrgemeinderatsvorsitzende Elfriede Engel \u2013 von allen aufgrund ihrer Scheinheiligkeit nur&#8217;Erzengel&#8216; genannt \u2013 soll eigentlich Spenden f\u00fcr die Renovierung der Kirche sammeln. Ihre einzige Sorge gilt jedoch ihrem guten Abschneiden bei den anstehenden Pfarrgemeinderatswahlen, sogar ihre Nichte Uschi will sie gegen deren Willen in ein Kloster stecken, nur um dadurch ihre Erfolgschancen bei der Wahl zu steigern. Zur Vorbereitung auf ihr k\u00fcnftiges&#8217;Klosterleben&#8216; muss Uschi auf Wunsch ihrer Tante im Pfarrb\u00fcro ein Praktikum absolvieren. Messner Johannes und Pfarrhaush\u00e4lterin Hermine durchschauen jedoch das falsche Spiel der Pfarrgemeinderatsvorsitzenden und stehen Uschi bei. Um eine weitere Geldquelle f\u00fcr die Kirchenrenovierung zu erschlie\u00dfen, beschlie\u00dft der Pfarrer im Alleingang, die vielen leerstehenden Zimmer im gro\u00dfen Pfarrhaus zu vermieten. Gerade als die ersten \u00dcbernachtungsg\u00e4ste erwartet werden, bekommt der Pfarrer hohen, aber unangenehmen Besuch: der strenge Domkapitular Dr. J\u00fcngling vom bisch\u00f6flichen Ordinariat kommt unerwartet \u2013 er soll die ungew\u00f6hnlichen Vorg\u00e4nge innerhalb der Pfarrgemeinde untersuchen und wieder f\u00fcr Ordnung sorgen. Er ist schockiert, mit welchen Methoden der Pfarrer Geld auftreibt und wer im Pfarrhaus alles ein- und ausgeht. Um ihren Pfarrer nicht in noch gr\u00f6\u00dfere Schwierigkeiten zu bringen, erz\u00e4hlt ihm Pfarrhaush\u00e4lterin Hermine die abenteuerlichsten Geschichten. Einer der G\u00e4ste ist Siggi Bischoff, der heimliche Freund von Uschi \u2013 was deren Tante Elfriede nat\u00fcrlich unter keinen Umst\u00e4nden erfahren soll. Doch Elfriede h\u00e4lt Siggi f\u00e4lschlicherweise f\u00fcr den Domkapitular und vertraut ihm sogar ihre Nichte an. Im Glauben, der vermeintliche Domkapitular werde f\u00fcr eine Blitzkarriere ihrer Nichte im Kloster sorgen, zeigt sich die Pfarrgemeinderatsvorsitzende \u00fcberraschend spendabel zugunsten der Kirchenrenovierung. Der richtige Domkapitular h\u00e4lt jedoch die Eskapaden des Pfarrers f\u00fcr untragbar und will der Pfarrgemeinde w\u00e4hrend einer Messe seine Strafversetzung verk\u00fcnden. Dies wissen Hermine und Siggi zu verhindern. Mit Beerenwein und K.O.-Tropfen setzen sie den Domkapitular kurzerhand&#8217;au\u00dfer Gefecht&#8216; \u2013 dieser kann sich an nichts mehr erinnern, als er wieder aufwacht. Diesen&#8217;Filmriss&#8216; nutzen alle aus, um ihm einzureden, er habe sich w\u00e4hrend seiner Predigt vor der ganzen Pfarrgemeinde v\u00f6llig daneben benommen. Der Domkapitular f\u00fcrchtet um seinen Ruf und seine Karriere und zieht schlie\u00dflich mit dem Versprechen von dannen, dem Bischof nur Lobenswertes \u00fcber die Pfarrgemeinde zu berichten und von einer Strafversetzung des Pfarrers Abstand zu nehmen. Als dann auch noch die Pfarrgemeinderatsvorsitzende Elfriede \u00fcberraschend ank\u00fcndigt, nicht mehr f\u00fcr den Kirchengemeinderat, sondern f\u00fcr den Stadtrat zu kandidieren, sind des Pfarrers Probleme alle gel\u00f6st \u2013 dem Himmel sei Dank!<\/p>\n<h6><a href=\"https:\/\/goo.gl\/photos\/sW3fjwBdKswc8vvB8\" target=\"_blank\">Bilder<\/a><\/h6>\n","protected":false},"excerpt":{"rendered":"<p>Inhalt: Mit nicht ganz allt\u00e4glichen Methoden versucht Pfarrer Alfons Teufel in seiner Pfarrgemeinde, das dringend ben\u00f6tigte Geld f\u00fcr die Renovierung der sanierungsbed\u00fcrftigen Kirche aufzutreiben. Dabei schreckt er sogar vor n\u00e4chtlichen &hellip; <a href=\"https:\/\/ligeka.de\/?page_id=740\" class=\"more-link\"><span class=\"screen-reader-text\">2005 &#8222;Dem Himmel sei Dank&#8220;<\/span> weiterlesen <span class=\"meta-nav\">&rarr;<\/span><\/a><\/p>\n","protected":false},"author":2,"featured_media":0,"parent":766,"menu_order":11,"comment_status":"closed","ping_status":"closed","template":"","meta":{"footnotes":""},"class_list":["post-740","page","type-page","status-publish","hentry"],"_links":{"self":[{"href":"https:\/\/ligeka.de\/index.php?rest_route=\/wp\/v2\/pages\/740","targetHints":{"allow":["GET"]}}],"collection":[{"href":"https:\/\/ligeka.de\/index.php?rest_route=\/wp\/v2\/pages"}],"about":[{"href":"https:\/\/ligeka.de\/index.php?rest_route=\/wp\/v2\/types\/page"}],"author":[{"embeddable":true,"href":"https:\/\/ligeka.de\/index.php?rest_route=\/wp\/v2\/users\/2"}],"replies":[{"embeddable":true,"href":"https:\/\/ligeka.de\/index.php?rest_route=%2Fwp%2Fv2%2Fcomments&post=740"}],"version-history":[{"count":2,"href":"https:\/\/ligeka.de\/index.php?rest_route=\/wp\/v2\/pages\/740\/revisions"}],"predecessor-version":[{"id":808,"href":"https:\/\/ligeka.de\/index.php?rest_route=\/wp\/v2\/pages\/740\/revisions\/808"}],"up":[{"embeddable":true,"href":"https:\/\/ligeka.de\/index.php?rest_route=\/wp\/v2\/pages\/766"}],"wp:attachment":[{"href":"https:\/\/ligeka.de\/index.php?rest_route=%2Fwp%2Fv2%2Fmedia&parent=740"}],"curies":[{"name":"wp","href":"https:\/\/api.w.org\/{rel}","templated":true}]}}