{"id":738,"date":"2016-10-02T11:53:07","date_gmt":"2016-10-02T09:53:07","guid":{"rendered":"http:\/\/ligeka.de\/?page_id=738"},"modified":"2018-09-23T08:55:04","modified_gmt":"2018-09-23T06:55:04","slug":"2006-bubblegum-und-brillianten","status":"publish","type":"page","link":"https:\/\/ligeka.de\/?page_id=738","title":{"rendered":"2006 &#8222;Bubblegum und Brillianten&#8220;"},"content":{"rendered":"<h5>Inhalt:<\/h5>\n<p>Sir George plagen die Schulden. Finanzielle Besserung ist in diesem Leben nicht mehr in Sicht. Als Ehrenmann alten Schlages hat er daher den einzigen, einem wahren Gentleman m\u00f6glichen Entschluss gefasst: Er will seinem Leben ein Ende setzen. Lady Ellen, seine Gattin, will diese Reise mit ihm zusammen antreten. Doch Selbstmord ist nicht so einfach und einiges geht schief. Als Sir George dann erf\u00e4hrt, dass seine Versicherung bei Selbstmord keinen Cent zahlt, muss er seine Pl\u00e4ne \u00e4ndern. Ein bezahlter M\u00f6rder muss her! Doch der will nat\u00fcrlich auch einen Gegenwert f\u00fcr seine Leistung. Sir George verspricht ihm einen wertvollen Brillantring. Einen Schmuckgegenstand, der so aussieht, findet er in einem Kaugummi-Automaten. Das St\u00fcck spielt nicht von Ungef\u00e4hr in England: Die Personen sind britisch-spleenig und schwarzer britischer Humor scheint \u00fcberall durch.<\/p>\n<h6><a href=\"https:\/\/goo.gl\/photos\/JeSevXqAXGu6cJeL9\" target=\"_blank\" rel=\"noopener\">Bilder<\/a><\/h6>\n","protected":false},"excerpt":{"rendered":"<p>Inhalt: Sir George plagen die Schulden. Finanzielle Besserung ist in diesem Leben nicht mehr in Sicht. Als Ehrenmann alten Schlages hat er daher den einzigen, einem wahren Gentleman m\u00f6glichen Entschluss &hellip; <a href=\"https:\/\/ligeka.de\/?page_id=738\" class=\"more-link\"><span class=\"screen-reader-text\">2006 &#8222;Bubblegum und Brillianten&#8220;<\/span> weiterlesen <span class=\"meta-nav\">&rarr;<\/span><\/a><\/p>\n","protected":false},"author":2,"featured_media":0,"parent":766,"menu_order":13,"comment_status":"closed","ping_status":"closed","template":"","meta":{"footnotes":""},"class_list":["post-738","page","type-page","status-publish","hentry"],"_links":{"self":[{"href":"https:\/\/ligeka.de\/index.php?rest_route=\/wp\/v2\/pages\/738","targetHints":{"allow":["GET"]}}],"collection":[{"href":"https:\/\/ligeka.de\/index.php?rest_route=\/wp\/v2\/pages"}],"about":[{"href":"https:\/\/ligeka.de\/index.php?rest_route=\/wp\/v2\/types\/page"}],"author":[{"embeddable":true,"href":"https:\/\/ligeka.de\/index.php?rest_route=\/wp\/v2\/users\/2"}],"replies":[{"embeddable":true,"href":"https:\/\/ligeka.de\/index.php?rest_route=%2Fwp%2Fv2%2Fcomments&post=738"}],"version-history":[{"count":3,"href":"https:\/\/ligeka.de\/index.php?rest_route=\/wp\/v2\/pages\/738\/revisions"}],"predecessor-version":[{"id":1129,"href":"https:\/\/ligeka.de\/index.php?rest_route=\/wp\/v2\/pages\/738\/revisions\/1129"}],"up":[{"embeddable":true,"href":"https:\/\/ligeka.de\/index.php?rest_route=\/wp\/v2\/pages\/766"}],"wp:attachment":[{"href":"https:\/\/ligeka.de\/index.php?rest_route=%2Fwp%2Fv2%2Fmedia&parent=738"}],"curies":[{"name":"wp","href":"https:\/\/api.w.org\/{rel}","templated":true}]}}