{"id":736,"date":"2016-10-02T11:51:37","date_gmt":"2016-10-02T09:51:37","guid":{"rendered":"http:\/\/ligeka.de\/?page_id=736"},"modified":"2018-09-23T09:08:35","modified_gmt":"2018-09-23T07:08:35","slug":"2007-die-verdammte-erbschaft","status":"publish","type":"page","link":"https:\/\/ligeka.de\/?page_id=736","title":{"rendered":"2007 &#8222;Die verdammte Erbschaft&#8220;"},"content":{"rendered":"<h5><span style=\"color: #2f2f2f; font-family: Times New Roman, serif; font-size: large;\"><b>Inhalt:<\/b><\/span><\/h5>\n<p>Berta und Mina haben das Sagen zu Hause. Franz und Alfons haben sich damit abgefunden. Das Eheleben \u00e4ndert sich jedoch schlagartig, als Amanda, die Schwester der Ehefrauen, stirbt und ein betr\u00e4chtliches Verm\u00f6gen hinterl\u00e4sst. Weil der Haupterbe die Geburt einer Tochter vorweisen muss, verlagert sich das Leben der Ehem\u00e4nner zu deren Leidwesen ins Schlafzimmer. Bruno, der einf\u00e4ltige Bruder von Mina, k\u00f6nnte auch erben, wenn er heiraten w\u00fcrde. Gl\u00fccklicherweise werden er und Rosa, mit der er vor Jahren bei einem Rendezvous von der Scheune heruntergefallen war, wieder normal. Bis es aber zu dem erhofften gl\u00fccklichen Ende kommt, m\u00fcssen der Polizist Willi und der Pfarrer (Pastor), die sich auch Hoffnung auf die Erbschaft machen, noch viele Federn lassen, bzw. Karotten essen. Dabei hat Anna, die K\u00f6chin, immer ein wachsames Auge auf den Pfarrer (Pastor). Um an die von Amanda f\u00fcr die Auff\u00fchrung eines Theaterst\u00fccks versprochene hohe Gage zu kommen, spannt Willi auch seine Ehefrau Lisa, die als Kellnerin arbeitet, mit ein. Als Alfons und Franz nach einer durchzechten Nacht die Schlafzimmert\u00fcren verwechseln, nimmt das Ungl\u00fcck seinen Lauf. Da kann auch Wilma, Willis Mutter, nichts mehr ausrichten. Im Gegenteil, schlie\u00dflich verliert auch sie noch ihr Ged\u00e4chtnis.<\/p>\n<h6><a href=\"https:\/\/goo.gl\/photos\/VgRtUKW9KmxaLayF9\" target=\"_blank\" rel=\"noopener\">Bilder<\/a><\/h6>\n","protected":false},"excerpt":{"rendered":"<p>Inhalt: Berta und Mina haben das Sagen zu Hause. Franz und Alfons haben sich damit abgefunden. Das Eheleben \u00e4ndert sich jedoch schlagartig, als Amanda, die Schwester der Ehefrauen, stirbt und &hellip; <a href=\"https:\/\/ligeka.de\/?page_id=736\" class=\"more-link\"><span class=\"screen-reader-text\">2007 &#8222;Die verdammte Erbschaft&#8220;<\/span> weiterlesen <span class=\"meta-nav\">&rarr;<\/span><\/a><\/p>\n","protected":false},"author":2,"featured_media":0,"parent":766,"menu_order":12,"comment_status":"closed","ping_status":"closed","template":"","meta":{"footnotes":""},"class_list":["post-736","page","type-page","status-publish","hentry"],"_links":{"self":[{"href":"https:\/\/ligeka.de\/index.php?rest_route=\/wp\/v2\/pages\/736","targetHints":{"allow":["GET"]}}],"collection":[{"href":"https:\/\/ligeka.de\/index.php?rest_route=\/wp\/v2\/pages"}],"about":[{"href":"https:\/\/ligeka.de\/index.php?rest_route=\/wp\/v2\/types\/page"}],"author":[{"embeddable":true,"href":"https:\/\/ligeka.de\/index.php?rest_route=\/wp\/v2\/users\/2"}],"replies":[{"embeddable":true,"href":"https:\/\/ligeka.de\/index.php?rest_route=%2Fwp%2Fv2%2Fcomments&post=736"}],"version-history":[{"count":4,"href":"https:\/\/ligeka.de\/index.php?rest_route=\/wp\/v2\/pages\/736\/revisions"}],"predecessor-version":[{"id":1153,"href":"https:\/\/ligeka.de\/index.php?rest_route=\/wp\/v2\/pages\/736\/revisions\/1153"}],"up":[{"embeddable":true,"href":"https:\/\/ligeka.de\/index.php?rest_route=\/wp\/v2\/pages\/766"}],"wp:attachment":[{"href":"https:\/\/ligeka.de\/index.php?rest_route=%2Fwp%2Fv2%2Fmedia&parent=736"}],"curies":[{"name":"wp","href":"https:\/\/api.w.org\/{rel}","templated":true}]}}