{"id":733,"date":"2016-10-02T11:49:10","date_gmt":"2016-10-02T09:49:10","guid":{"rendered":"http:\/\/ligeka.de\/?page_id=733"},"modified":"2018-09-23T08:55:33","modified_gmt":"2018-09-23T06:55:33","slug":"2009-das-rosarote-pizzainferno","status":"publish","type":"page","link":"https:\/\/ligeka.de\/?page_id=733","title":{"rendered":"2008 &#8222;Das rosarote Pizzainferno&#8220;"},"content":{"rendered":"<h5>Inhalt:<\/h5>\n<p>Dr. Heinz-R\u00fcdiger Weingarten m\u00f6chte seine Freundin, Pamela Pascke, die er auf einer Italienreise kennen lernte heiraten. Er macht ihr vor versammelter Familie in Pamelas Lieblingsrestaurant &#8222;Paolos Pizza Casa&#8220; einen Antrag. Seiner Mutter, Hildegard Weingarten, passt dies \u00fcberhaupt nicht. Sie findet eine Heirat mit Pamela f\u00fcr ihren Sohn nicht standesgem\u00e4\u00df. Es wird f\u00fcr sie aber noch schlimmer, als sie erf\u00e4hrt, dass die Hochzeitsfeier genau in dieser Pizzeria stattfinden soll. Jetzt versucht sie, die Vorbereitungen an sich zu rei\u00dfen, um dieser Feier mehr stilvolles Ambiente und Niveau zu verleihen. Aber da hat sie nicht mit den Paschkes gerechnet, denn die lieben rosa Wolken, rote Herzen und wei\u00dfe Engel. Die Feier scheint f\u00fcr Hildegard in einer Katastrophe zu enden.<\/p>\n","protected":false},"excerpt":{"rendered":"<p>Inhalt: Dr. Heinz-R\u00fcdiger Weingarten m\u00f6chte seine Freundin, Pamela Pascke, die er auf einer Italienreise kennen lernte heiraten. Er macht ihr vor versammelter Familie in Pamelas Lieblingsrestaurant &#8222;Paolos Pizza Casa&#8220; einen &hellip; <a href=\"https:\/\/ligeka.de\/?page_id=733\" class=\"more-link\"><span class=\"screen-reader-text\">2008 &#8222;Das rosarote Pizzainferno&#8220;<\/span> weiterlesen <span class=\"meta-nav\">&rarr;<\/span><\/a><\/p>\n","protected":false},"author":2,"featured_media":0,"parent":766,"menu_order":11,"comment_status":"closed","ping_status":"closed","template":"","meta":{"footnotes":""},"class_list":["post-733","page","type-page","status-publish","hentry"],"_links":{"self":[{"href":"https:\/\/ligeka.de\/index.php?rest_route=\/wp\/v2\/pages\/733","targetHints":{"allow":["GET"]}}],"collection":[{"href":"https:\/\/ligeka.de\/index.php?rest_route=\/wp\/v2\/pages"}],"about":[{"href":"https:\/\/ligeka.de\/index.php?rest_route=\/wp\/v2\/types\/page"}],"author":[{"embeddable":true,"href":"https:\/\/ligeka.de\/index.php?rest_route=\/wp\/v2\/users\/2"}],"replies":[{"embeddable":true,"href":"https:\/\/ligeka.de\/index.php?rest_route=%2Fwp%2Fv2%2Fcomments&post=733"}],"version-history":[{"count":2,"href":"https:\/\/ligeka.de\/index.php?rest_route=\/wp\/v2\/pages\/733\/revisions"}],"predecessor-version":[{"id":735,"href":"https:\/\/ligeka.de\/index.php?rest_route=\/wp\/v2\/pages\/733\/revisions\/735"}],"up":[{"embeddable":true,"href":"https:\/\/ligeka.de\/index.php?rest_route=\/wp\/v2\/pages\/766"}],"wp:attachment":[{"href":"https:\/\/ligeka.de\/index.php?rest_route=%2Fwp%2Fv2%2Fmedia&parent=733"}],"curies":[{"name":"wp","href":"https:\/\/api.w.org\/{rel}","templated":true}]}}