{"id":731,"date":"2016-10-02T11:47:39","date_gmt":"2016-10-02T09:47:39","guid":{"rendered":"http:\/\/ligeka.de\/?page_id=731"},"modified":"2018-09-23T08:55:46","modified_gmt":"2018-09-23T06:55:46","slug":"2009-gute-landluft-inklusive","status":"publish","type":"page","link":"https:\/\/ligeka.de\/?page_id=731","title":{"rendered":"2009 &#8222;Gute Landluft inklusive&#8220;"},"content":{"rendered":"<h5>Inhalt:<\/h5>\n<p>Die verwitwete B\u00e4uerin Selma Hinterpichler vermietet Zimmer an Ferieng\u00e4ste. Gute Landluft inklusive. Was sich aber dann auf dem Hof einfindet, bringt einiges Durcheinander ins Leben der B\u00e4uerin, ihrer Magd Vevi und ihrem Knecht Paule. Die harmlosesten G\u00e4ste sind noch ein Berliner Schrotth\u00e4ndler mit seiner mond\u00e4nen Lebensgef\u00e4hrtin Constanze. Er wird \u201enur\u201c wegen Steuerhinterziehung gesucht. Zwielichtiger ist da schon eine Nonne, die dem Nachbarn zuliebe ihre Kutte auszieht, die aber offensichtlich ein dunkles Geheimnis mit sich herumtr\u00e4gt. Die Krone setzt allem Professor Doktor, Doktor Knut Knutson auf, angeblich ein d\u00e4nischer Wissenschaftler, in Wahrheit aber Heiratsschwindler, Zechpreller und Ganove. Als herauskommt, dass der d\u00e4nische Professor steckbrieflich gesucht wird und auch die Nonne auf der Fahndungsliste steht, wird es turbulent.<br \/>\nAm Rande buhlt der Tierarzt Jonathan Soltau um die Liebe der Magd Vevi. Nachbar Jeremias Hinkel verliebt sich ausgerechnet in die Nonne. Knecht Paule versucht bei jedem weiblichen Wesen zu landen. Und die Kripobeamtin Karin sorgen f\u00fcr allerlei Turbulenzen. Zum guten Schluss wurde die B\u00e4uerin zwar von allen G\u00e4sten geprellt , aber mit einem schwarzen Beutel wird sie f\u00fcrstlich entsch\u00e4digt.<\/p>\n<p><a href=\"https:\/\/goo.gl\/photos\/odrZj5nj3mS2ykF7A\" target=\"_blank\" rel=\"noopener\">Bilder<\/a><\/p>\n","protected":false},"excerpt":{"rendered":"<p>Inhalt: Die verwitwete B\u00e4uerin Selma Hinterpichler vermietet Zimmer an Ferieng\u00e4ste. Gute Landluft inklusive. Was sich aber dann auf dem Hof einfindet, bringt einiges Durcheinander ins Leben der B\u00e4uerin, ihrer Magd &hellip; <a href=\"https:\/\/ligeka.de\/?page_id=731\" class=\"more-link\"><span class=\"screen-reader-text\">2009 &#8222;Gute Landluft inklusive&#8220;<\/span> weiterlesen <span class=\"meta-nav\">&rarr;<\/span><\/a><\/p>\n","protected":false},"author":2,"featured_media":0,"parent":766,"menu_order":10,"comment_status":"closed","ping_status":"closed","template":"","meta":{"footnotes":""},"class_list":["post-731","page","type-page","status-publish","hentry"],"_links":{"self":[{"href":"https:\/\/ligeka.de\/index.php?rest_route=\/wp\/v2\/pages\/731","targetHints":{"allow":["GET"]}}],"collection":[{"href":"https:\/\/ligeka.de\/index.php?rest_route=\/wp\/v2\/pages"}],"about":[{"href":"https:\/\/ligeka.de\/index.php?rest_route=\/wp\/v2\/types\/page"}],"author":[{"embeddable":true,"href":"https:\/\/ligeka.de\/index.php?rest_route=\/wp\/v2\/users\/2"}],"replies":[{"embeddable":true,"href":"https:\/\/ligeka.de\/index.php?rest_route=%2Fwp%2Fv2%2Fcomments&post=731"}],"version-history":[{"count":3,"href":"https:\/\/ligeka.de\/index.php?rest_route=\/wp\/v2\/pages\/731\/revisions"}],"predecessor-version":[{"id":1131,"href":"https:\/\/ligeka.de\/index.php?rest_route=\/wp\/v2\/pages\/731\/revisions\/1131"}],"up":[{"embeddable":true,"href":"https:\/\/ligeka.de\/index.php?rest_route=\/wp\/v2\/pages\/766"}],"wp:attachment":[{"href":"https:\/\/ligeka.de\/index.php?rest_route=%2Fwp%2Fv2%2Fmedia&parent=731"}],"curies":[{"name":"wp","href":"https:\/\/api.w.org\/{rel}","templated":true}]}}