{"id":729,"date":"2016-10-02T11:46:06","date_gmt":"2016-10-02T09:46:06","guid":{"rendered":"http:\/\/ligeka.de\/?page_id=729"},"modified":"2018-09-23T08:55:58","modified_gmt":"2018-09-23T06:55:58","slug":"2010-pech-im-haus","status":"publish","type":"page","link":"https:\/\/ligeka.de\/?page_id=729","title":{"rendered":"2010 &#8222;Pech im Haus&#8220;"},"content":{"rendered":"<h5>Inhalt:<\/h5>\n<p>Der Drogist Gottlieb Freitag versucht seit Jahren erfolglos ein Antischnarchmittel zu erfinden. Onkel Clarenz finanziert das Vorhaben, wird aber langsam ungeduldig und schickt den Chemiker Dr. Pech um die Forschungen zu \u00fcberwachen. Gottlieb m\u00f6chte zum Erfinderkongress, was seine Frau nicht erlaubt. Kurzerhand t\u00e4uscht er eine Explosion im Labor vor und verschwindet. Alle halten ihn f\u00fcr tot. Als er wieder auftaucht jagt man ihn als betr\u00fcgerischen Doppelg\u00e4nger davon. Aber es w\u00e4re kein Schwank, wenn nicht alles zum guten Ende finden w\u00fcrde.<\/p>\n<h6><a href=\"https:\/\/goo.gl\/photos\/KHbH2cfbQadfNj9v5\" target=\"_blank\" rel=\"noopener\">Bilder<\/a><\/h6>\n","protected":false},"excerpt":{"rendered":"<p>Inhalt: Der Drogist Gottlieb Freitag versucht seit Jahren erfolglos ein Antischnarchmittel zu erfinden. Onkel Clarenz finanziert das Vorhaben, wird aber langsam ungeduldig und schickt den Chemiker Dr. Pech um die &hellip; <a href=\"https:\/\/ligeka.de\/?page_id=729\" class=\"more-link\"><span class=\"screen-reader-text\">2010 &#8222;Pech im Haus&#8220;<\/span> weiterlesen <span class=\"meta-nav\">&rarr;<\/span><\/a><\/p>\n","protected":false},"author":2,"featured_media":0,"parent":766,"menu_order":9,"comment_status":"closed","ping_status":"closed","template":"","meta":{"footnotes":""},"class_list":["post-729","page","type-page","status-publish","hentry"],"_links":{"self":[{"href":"https:\/\/ligeka.de\/index.php?rest_route=\/wp\/v2\/pages\/729","targetHints":{"allow":["GET"]}}],"collection":[{"href":"https:\/\/ligeka.de\/index.php?rest_route=\/wp\/v2\/pages"}],"about":[{"href":"https:\/\/ligeka.de\/index.php?rest_route=\/wp\/v2\/types\/page"}],"author":[{"embeddable":true,"href":"https:\/\/ligeka.de\/index.php?rest_route=\/wp\/v2\/users\/2"}],"replies":[{"embeddable":true,"href":"https:\/\/ligeka.de\/index.php?rest_route=%2Fwp%2Fv2%2Fcomments&post=729"}],"version-history":[{"count":3,"href":"https:\/\/ligeka.de\/index.php?rest_route=\/wp\/v2\/pages\/729\/revisions"}],"predecessor-version":[{"id":1132,"href":"https:\/\/ligeka.de\/index.php?rest_route=\/wp\/v2\/pages\/729\/revisions\/1132"}],"up":[{"embeddable":true,"href":"https:\/\/ligeka.de\/index.php?rest_route=\/wp\/v2\/pages\/766"}],"wp:attachment":[{"href":"https:\/\/ligeka.de\/index.php?rest_route=%2Fwp%2Fv2%2Fmedia&parent=729"}],"curies":[{"name":"wp","href":"https:\/\/api.w.org\/{rel}","templated":true}]}}