{"id":720,"date":"2016-10-02T11:31:06","date_gmt":"2016-10-02T09:31:06","guid":{"rendered":"http:\/\/ligeka.de\/?page_id=720"},"modified":"2018-09-23T09:07:22","modified_gmt":"2018-09-23T07:07:22","slug":"2013-gurken-drops-und-kaviar","status":"publish","type":"page","link":"https:\/\/ligeka.de\/?page_id=720","title":{"rendered":"2013 &#8222;Gurken, Drops und Kaviar&#8220;"},"content":{"rendered":"<h5><span style=\"color: #2f2f2f; font-family: Times New Roman, serif; font-size: large;\"><b>Inhalt:<\/b><\/span><\/h5>\n<p>Der durch eine Erbschaft zum Wohlstand gekommene Kaufmann Isidor Winzig versucht mit allen Mitteln die Manieren und Gewohnheiten des Adels oder zumindest der Wohlhabenden nachzuahmen. Und da Geld bekanntlich \u201eHy\u00e4nen\u201c lockt, kommt es, dass er von seinen vier Hauslehrern und dem skrupellosen Grafen Stanislaus kr\u00e4ftig ausgenommen wird.<br \/>\nDer Rest der Familie, sprich Gattin Katharina und Tochter Laura sehen es mit Schrecken. Letztere umso mehr, denn ihr Vater lehnt ihren Valentin als Schwiegersohn kategorisch ab; er ist schliesslich nicht von Stand. Und mit dieser Marotte, adelig zu werden, tyrannisiert er sein gesamtes Umfeld. Er schreckt nicht einmal davor zur\u00fcck h\u00f6chst zweifelhaften Damenbesuch ins Haus zu bitten.<br \/>\nAngesichts dieser Misere platzt seinem Hausm\u00e4dchen Rebekka der Kragen. Mit Hilfe aller Leidensgenossen und \u2013genossinnen inszeniert sie die Erhebung ihres Br\u00f6tchengebers in den Adelsstand, wenn auch in einen sehr fadenscheinigen; er wird n\u00e4mlich \u201e grossmongolischer Mamamutschi \u201c. In sich und seiner Welt gefangen stimmt er sogar der Heirat seiner Tochter mit dem \u201egrossmongolischen Prinzen\u201c zu, der allerdings niemand anderer ist als Valentin.<br \/>\nDas Erwachen nach der Kr\u00f6nungszeremonie ist f\u00fcr Winzig allerdings weniger gl\u00fccklich &#8230;<\/p>\n<h6><a href=\"https:\/\/goo.gl\/photos\/UaFHVFhfhsJ5EVej7\" target=\"_blank\" rel=\"noopener\">Bilder<\/a><\/h6>\n","protected":false},"excerpt":{"rendered":"<p>Inhalt: Der durch eine Erbschaft zum Wohlstand gekommene Kaufmann Isidor Winzig versucht mit allen Mitteln die Manieren und Gewohnheiten des Adels oder zumindest der Wohlhabenden nachzuahmen. Und da Geld bekanntlich &hellip; <a href=\"https:\/\/ligeka.de\/?page_id=720\" class=\"more-link\"><span class=\"screen-reader-text\">2013 &#8222;Gurken, Drops und Kaviar&#8220;<\/span> weiterlesen <span class=\"meta-nav\">&rarr;<\/span><\/a><\/p>\n","protected":false},"author":2,"featured_media":0,"parent":766,"menu_order":6,"comment_status":"closed","ping_status":"closed","template":"","meta":{"footnotes":""},"class_list":["post-720","page","type-page","status-publish","hentry"],"_links":{"self":[{"href":"https:\/\/ligeka.de\/index.php?rest_route=\/wp\/v2\/pages\/720","targetHints":{"allow":["GET"]}}],"collection":[{"href":"https:\/\/ligeka.de\/index.php?rest_route=\/wp\/v2\/pages"}],"about":[{"href":"https:\/\/ligeka.de\/index.php?rest_route=\/wp\/v2\/types\/page"}],"author":[{"embeddable":true,"href":"https:\/\/ligeka.de\/index.php?rest_route=\/wp\/v2\/users\/2"}],"replies":[{"embeddable":true,"href":"https:\/\/ligeka.de\/index.php?rest_route=%2Fwp%2Fv2%2Fcomments&post=720"}],"version-history":[{"count":8,"href":"https:\/\/ligeka.de\/index.php?rest_route=\/wp\/v2\/pages\/720\/revisions"}],"predecessor-version":[{"id":1150,"href":"https:\/\/ligeka.de\/index.php?rest_route=\/wp\/v2\/pages\/720\/revisions\/1150"}],"up":[{"embeddable":true,"href":"https:\/\/ligeka.de\/index.php?rest_route=\/wp\/v2\/pages\/766"}],"wp:attachment":[{"href":"https:\/\/ligeka.de\/index.php?rest_route=%2Fwp%2Fv2%2Fmedia&parent=720"}],"curies":[{"name":"wp","href":"https:\/\/api.w.org\/{rel}","templated":true}]}}