{"id":716,"date":"2016-10-02T11:27:18","date_gmt":"2016-10-02T09:27:18","guid":{"rendered":"http:\/\/ligeka.de\/?page_id=716"},"modified":"2018-09-23T09:06:48","modified_gmt":"2018-09-23T07:06:48","slug":"2015-die-ganovenpraxis","status":"publish","type":"page","link":"https:\/\/ligeka.de\/?page_id=716","title":{"rendered":"2015 &#8222;Die Ganovenpraxis&#8220;"},"content":{"rendered":"<p><a href=\"http:\/\/ligeka.de\/wp-content\/uploads\/2015\/08\/Plakat_web.jpg\"><img loading=\"lazy\" decoding=\"async\" class=\"alignnone size-medium wp-image-279\" src=\"http:\/\/ligeka.de\/wp-content\/uploads\/2015\/08\/Plakat_web-232x300.jpg\" alt=\"Plakat 568x740\" width=\"232\" height=\"300\" srcset=\"https:\/\/ligeka.de\/wp-content\/uploads\/2015\/08\/Plakat_web-232x300.jpg 232w, https:\/\/ligeka.de\/wp-content\/uploads\/2015\/08\/Plakat_web-793x1024.jpg 793w, https:\/\/ligeka.de\/wp-content\/uploads\/2015\/08\/Plakat_web.jpg 886w\" sizes=\"auto, (max-width: 232px) 100vw, 232px\" \/><\/a><\/p>\n<h5><span style=\"color: #2f2f2f; font-family: Times New Roman, serif; font-size: large;\"><b>Inhalt:<\/b><\/span><\/h5>\n<p>Ein Bankr\u00e4uberp\u00e4rchen fl\u00fcchtet in eine Arztpraxis und versteckt dort die in einem Koffer untergebrachte Beute. Dies f\u00fchrt zu einem heillosen Durcheinander, als sich die Bankr\u00e4uber als Arzt und Arzthelferin ausgeben m\u00fcssen und zu allem \u00dcberfluss auch noch der Koffer mit der Beute auf mysteri\u00f6ser Weise verschwindet\u2026<\/p>\n<h6><a href=\"https:\/\/goo.gl\/photos\/EnBtaHgZRXrd8bV1A\" target=\"_blank\" rel=\"noopener\">Bilder<\/a><\/h6>\n","protected":false},"excerpt":{"rendered":"<p>Inhalt: Ein Bankr\u00e4uberp\u00e4rchen fl\u00fcchtet in eine Arztpraxis und versteckt dort die in einem Koffer untergebrachte Beute. Dies f\u00fchrt zu einem heillosen Durcheinander, als sich die Bankr\u00e4uber als Arzt und Arzthelferin &hellip; <a href=\"https:\/\/ligeka.de\/?page_id=716\" class=\"more-link\"><span class=\"screen-reader-text\">2015 &#8222;Die Ganovenpraxis&#8220;<\/span> weiterlesen <span class=\"meta-nav\">&rarr;<\/span><\/a><\/p>\n","protected":false},"author":2,"featured_media":0,"parent":766,"menu_order":4,"comment_status":"closed","ping_status":"closed","template":"","meta":{"footnotes":""},"class_list":["post-716","page","type-page","status-publish","hentry"],"_links":{"self":[{"href":"https:\/\/ligeka.de\/index.php?rest_route=\/wp\/v2\/pages\/716","targetHints":{"allow":["GET"]}}],"collection":[{"href":"https:\/\/ligeka.de\/index.php?rest_route=\/wp\/v2\/pages"}],"about":[{"href":"https:\/\/ligeka.de\/index.php?rest_route=\/wp\/v2\/types\/page"}],"author":[{"embeddable":true,"href":"https:\/\/ligeka.de\/index.php?rest_route=\/wp\/v2\/users\/2"}],"replies":[{"embeddable":true,"href":"https:\/\/ligeka.de\/index.php?rest_route=%2Fwp%2Fv2%2Fcomments&post=716"}],"version-history":[{"count":4,"href":"https:\/\/ligeka.de\/index.php?rest_route=\/wp\/v2\/pages\/716\/revisions"}],"predecessor-version":[{"id":1148,"href":"https:\/\/ligeka.de\/index.php?rest_route=\/wp\/v2\/pages\/716\/revisions\/1148"}],"up":[{"embeddable":true,"href":"https:\/\/ligeka.de\/index.php?rest_route=\/wp\/v2\/pages\/766"}],"wp:attachment":[{"href":"https:\/\/ligeka.de\/index.php?rest_route=%2Fwp%2Fv2%2Fmedia&parent=716"}],"curies":[{"name":"wp","href":"https:\/\/api.w.org\/{rel}","templated":true}]}}