{"id":714,"date":"2016-10-02T11:25:00","date_gmt":"2016-10-02T09:25:00","guid":{"rendered":"http:\/\/ligeka.de\/?page_id=714"},"modified":"2018-09-23T09:06:30","modified_gmt":"2018-09-23T07:06:30","slug":"2016-grand-malheur","status":"publish","type":"page","link":"https:\/\/ligeka.de\/?page_id=714","title":{"rendered":"2016 &#8222;Grand malheur&#8220;"},"content":{"rendered":"<p>3<a href=\"http:\/\/ligeka.de\/wp-content\/uploads\/2016\/08\/theater-1966-e1471614321176.jpg\" target=\"_blank\" rel=\"noopener\"><img loading=\"lazy\" decoding=\"async\" class=\"alignnone wp-image-693 size-medium\" src=\"http:\/\/ligeka.de\/wp-content\/uploads\/2016\/08\/theater-1966-231x300.jpg\" alt=\"theater 1966\" width=\"231\" height=\"300\" \/><\/a><\/p>\n<h5><span style=\"color: #2f2f2f; font-family: Times New Roman, serif; font-size: large;\"><b>Inhalt:<\/b><\/span><\/h5>\n<p>Im Kur- und Wellnesshotel &#8222;Faltenburg&#8220; geht es wieder einmal drunter und dr\u00fcber. Zum einen werden neue G\u00e4ste erwartet, zum anderen kehren mit der neuen Verwaltungsleiterin und Controllerin Sabine auch neue Sitten f\u00fcr die Besch\u00e4ftigten ein, beispielsweise Arbeitszeitmanagement. Sabine ist dem Hotel-Direktor Dr. Klaus Kowalski ein Dorn im Auge, denn der Aufsichtsrat hat sie eingestellt, um gewisse finanzielle Unregelm\u00e4\u00dfigkeiten zu kl\u00e4ren, hinter denen jedoch der Direktor selbst steckt. Sabine steckt bis \u00fcber beide Ohren in ihrer neuen Arbeit und hat deswegen kaum Zeit, sich um ihren Vater Martin zu k\u00fcmmern &#8211; ein ausgemachtes Schlitzohr, dem nur Bl\u00f6dsinn einf\u00e4llt. So &#8222;verordnet&#8220; sie ihm gegen seinen Willen einen vierzehnt\u00e4gigen Aufenthalt im Hotel, damit sie ein Auge auf ihn werfen kann. Martin jedoch bringt nicht nur das Hotelpersonal zur Verzweiflung, sondern auch Hotel-G\u00e4ste wie Eva und Klara, zwei Witwen, die noch etwas erleben m\u00f6chten. Auch die vornehme Birgit, ebenfalls ein Hotelgast, leidet unter den Streichen von Martin. Dass Martin nachts heimlich mit seinen Kartenspieler-Freunden im hoteleigenen Hallenbad eine feucht-fr\u00f6hliche Poolparty feiert und die Herrenrunde auch noch aus der K\u00fcche s\u00e4mtliche Spezialit\u00e4ten verspeist, bringt das Fass zum \u00dcberlaufen. Der langsame und nicht ganz flei\u00dfige Hausmeister Hans l\u00e4sst sich von der Hektik der Ereignisse nicht aus der Ruhe bringen und beharrt selbst in brenzligen Situationen auf seiner Vesperpause. Putzfrau Elli hofft, unter den Hotel- und Kurg\u00e4sten eine &#8222;gute Partie&#8220; zu finden und verkleidet sich n\u00e4chtens in die &#8222;Dame Lilly&#8220;. Sie hat sich den vornehmen und gut betuchten Richard Schneidermann auserkoren &#8211; jedoch vergebens, denn dieser verliebt sich nicht in die vermeintliche Dame Lilly, sondern in die herzhafte Putzfrau Elli. Es dauert eine ganze Weile, bis Elli dies kapiert. Der neue, gutaussehende Masseur Georg ist der Schwarm aller Frauen; Fitnesstrainerin Jenny hofft auf ein &#8222;Date&#8220; mit ihm genauso wie Putzfrau Elli und Hotelgast Birgit. Zu deren Entsetzen hat jedoch auch der Fris\u00f6r und Kosmetiker des Hotels, der quirlige Franzose Jean-Pierre, ein Auge auf den Masseur geworfen und braucht st\u00e4ndig wegen irgendwelcher Wehwehchen ganz dringend einen Termin bei ihm. F\u00fcr Verwirrung sorgt auch Thomas, der im Hotel auftaucht und nach seiner Mutter Klara sucht, die einfach verschwunden ist. Dabei rasselt er mit Sabine gewaltig aneinander; beide kommen sich jedoch mit der Zeit n\u00e4her und werden am Ende ein Paar. Und sie m\u00fcssen feststellen, dass sie in ihrer F\u00fcrsorge gegen\u00fcber den Eltern zwar alles gut gemeint, jedoch vieles falsch gemacht haben. Als Hotel-Direktor Dr. Kowalski eine fiese Intrige gegen seine neue Verwaltungsleiterin spinnt, wird er dank des Eingreifens von Jenny entlarvt. Sabine wird neue HotelChefin und Thomas kann die frei werdende Stelle des 2 Masseurs \u00fcbernehmen &#8211; denn dieser macht sich zur \u00dcberraschung aller mit Kosmetiker Jean-Pierre auf und davon.<\/p>\n","protected":false},"excerpt":{"rendered":"<p>3 Inhalt: Im Kur- und Wellnesshotel &#8222;Faltenburg&#8220; geht es wieder einmal drunter und dr\u00fcber. Zum einen werden neue G\u00e4ste erwartet, zum anderen kehren mit der neuen Verwaltungsleiterin und Controllerin Sabine &hellip; <a href=\"https:\/\/ligeka.de\/?page_id=714\" class=\"more-link\"><span class=\"screen-reader-text\">2016 &#8222;Grand malheur&#8220;<\/span> weiterlesen <span class=\"meta-nav\">&rarr;<\/span><\/a><\/p>\n","protected":false},"author":2,"featured_media":0,"parent":766,"menu_order":3,"comment_status":"closed","ping_status":"closed","template":"","meta":{"footnotes":""},"class_list":["post-714","page","type-page","status-publish","hentry"],"_links":{"self":[{"href":"https:\/\/ligeka.de\/index.php?rest_route=\/wp\/v2\/pages\/714","targetHints":{"allow":["GET"]}}],"collection":[{"href":"https:\/\/ligeka.de\/index.php?rest_route=\/wp\/v2\/pages"}],"about":[{"href":"https:\/\/ligeka.de\/index.php?rest_route=\/wp\/v2\/types\/page"}],"author":[{"embeddable":true,"href":"https:\/\/ligeka.de\/index.php?rest_route=\/wp\/v2\/users\/2"}],"replies":[{"embeddable":true,"href":"https:\/\/ligeka.de\/index.php?rest_route=%2Fwp%2Fv2%2Fcomments&post=714"}],"version-history":[{"count":4,"href":"https:\/\/ligeka.de\/index.php?rest_route=\/wp\/v2\/pages\/714\/revisions"}],"predecessor-version":[{"id":1147,"href":"https:\/\/ligeka.de\/index.php?rest_route=\/wp\/v2\/pages\/714\/revisions\/1147"}],"up":[{"embeddable":true,"href":"https:\/\/ligeka.de\/index.php?rest_route=\/wp\/v2\/pages\/766"}],"wp:attachment":[{"href":"https:\/\/ligeka.de\/index.php?rest_route=%2Fwp%2Fv2%2Fmedia&parent=714"}],"curies":[{"name":"wp","href":"https:\/\/api.w.org\/{rel}","templated":true}]}}