{"id":1142,"date":"2018-09-23T09:03:20","date_gmt":"2018-09-23T07:03:20","guid":{"rendered":"http:\/\/ligeka.de\/?page_id=1142"},"modified":"2018-09-23T09:06:02","modified_gmt":"2018-09-23T07:06:02","slug":"2018-stress-im-champus-express","status":"publish","type":"page","link":"https:\/\/ligeka.de\/?page_id=1142","title":{"rendered":"2018 &#8222;Stress im Champus-Express&#8220;"},"content":{"rendered":"<h6 align=\"CENTER\"><\/h6>\n<p><img loading=\"lazy\" decoding=\"async\" class=\"alignnone wp-image-1114\" src=\"http:\/\/ligeka.de\/wp-content\/uploads\/Plakat-2018-213x300.jpg\" alt=\"\" width=\"323\" height=\"455\" srcset=\"https:\/\/ligeka.de\/wp-content\/uploads\/Plakat-2018-213x300.jpg 213w, https:\/\/ligeka.de\/wp-content\/uploads\/Plakat-2018.jpg 630w\" sizes=\"auto, (max-width: 323px) 100vw, 323px\" \/><\/p>\n<p>&nbsp;<\/p>\n<p align=\"JUSTIFY\"><span style=\"color: #2f2f2f; font-family: Times New Roman, serif; font-size: large;\"><b>Inhalt:<\/b><\/span><\/p>\n<p align=\"JUSTIFY\"><span style=\"font-family: Times New Roman, serif;\"><span style=\"font-size: medium;\"><span style=\"color: #2f2f2f;\"><span style=\"font-size: large;\">In der Kom\u00f6die \u201eStress im Champus-Express\u201c plant das Ganoven-Ehepaar Kati (Christine Hawner) und Rudolf Rommel (Ralf Rectenwald) einen spektakul\u00e4ren Raub\u00fcberfall auf das Bordbistro der schlagfertigen Bistrokellnerin Gertrud (Kristina Klein) im \u201eChampus-Express\u201c, einer privatisierten Bahnlinie mit wohlhabenden Fahrg\u00e4sten. Mit dem erbeuteten Geld wollen die Ganoven anschlie\u00dfend auf dem einzigen Zwischenhalt verschwinden. Als dieser jedoch \u201ewegen einer St\u00f6rung im Betriebsablauf\u201c ausf\u00e4llt, wird die Zugfahrt f\u00fcr sie schnell zu einem unvorhergesehenen Spie\u00dfroutenlauf. So muss das Ganoven-P\u00e4rchen seine Beute nicht nur immer wieder vor der nervigen Reinigungskraft Ilse Oppendung (Ria Marschibois), dem \u00fcberkorrekten Bahnpersonal (Andrea Rolle, Herbert Germann) und zahlreichen Fahrg\u00e4sten (Gabi Germann-Becker, Kerstin Rectenwald, Dustin Dini, Bernd Hawner, J\u00fcrgen Jacob, Rudi Germann) verstecken. Pl\u00f6tzlich fahndet sogar die Polizei (Elisabeth Jacob, Sebastian Bla\u00df) im Zug (weitere Mitwirkende sind Annemarie Bla\u00df und Peter Gindorf)\u2026<\/span><\/span><\/span><\/span><\/p>\n","protected":false},"excerpt":{"rendered":"<p>&nbsp; Inhalt: In der Kom\u00f6die \u201eStress im Champus-Express\u201c plant das Ganoven-Ehepaar Kati (Christine Hawner) und Rudolf Rommel (Ralf Rectenwald) einen spektakul\u00e4ren Raub\u00fcberfall auf das Bordbistro der schlagfertigen Bistrokellnerin Gertrud (Kristina &hellip; <a href=\"https:\/\/ligeka.de\/?page_id=1142\" class=\"more-link\"><span class=\"screen-reader-text\">2018 &#8222;Stress im Champus-Express&#8220;<\/span> weiterlesen <span class=\"meta-nav\">&rarr;<\/span><\/a><\/p>\n","protected":false},"author":2,"featured_media":0,"parent":766,"menu_order":1,"comment_status":"closed","ping_status":"closed","template":"","meta":{"footnotes":""},"class_list":["post-1142","page","type-page","status-publish","hentry"],"_links":{"self":[{"href":"https:\/\/ligeka.de\/index.php?rest_route=\/wp\/v2\/pages\/1142","targetHints":{"allow":["GET"]}}],"collection":[{"href":"https:\/\/ligeka.de\/index.php?rest_route=\/wp\/v2\/pages"}],"about":[{"href":"https:\/\/ligeka.de\/index.php?rest_route=\/wp\/v2\/types\/page"}],"author":[{"embeddable":true,"href":"https:\/\/ligeka.de\/index.php?rest_route=\/wp\/v2\/users\/2"}],"replies":[{"embeddable":true,"href":"https:\/\/ligeka.de\/index.php?rest_route=%2Fwp%2Fv2%2Fcomments&post=1142"}],"version-history":[{"count":2,"href":"https:\/\/ligeka.de\/index.php?rest_route=\/wp\/v2\/pages\/1142\/revisions"}],"predecessor-version":[{"id":1145,"href":"https:\/\/ligeka.de\/index.php?rest_route=\/wp\/v2\/pages\/1142\/revisions\/1145"}],"up":[{"embeddable":true,"href":"https:\/\/ligeka.de\/index.php?rest_route=\/wp\/v2\/pages\/766"}],"wp:attachment":[{"href":"https:\/\/ligeka.de\/index.php?rest_route=%2Fwp%2Fv2%2Fmedia&parent=1142"}],"curies":[{"name":"wp","href":"https:\/\/api.w.org\/{rel}","templated":true}]}}